{"id":586,"date":"2022-07-18T15:15:04","date_gmt":"2022-07-18T22:15:04","guid":{"rendered":"https:\/\/www.morehappiness-inc.com\/?page_id=586"},"modified":"2024-06-25T13:12:54","modified_gmt":"2024-06-25T20:12:54","slug":"quienes-somos","status":"publish","type":"page","link":"https:\/\/www.morehappiness-inc.com\/index.php\/es\/quienes-somos\/","title":{"rendered":"Nosotros"},"content":{"rendered":"\t\t<div data-elementor-type=\"wp-page\" data-elementor-id=\"586\" class=\"elementor elementor-586\" data-elementor-post-type=\"page\">\n\t\t\t\t\t\t<section class=\"elementor-section elementor-top-section elementor-element elementor-element-196bd08f elementor-section-height-min-height elementor-section-boxed elementor-section-height-default elementor-section-items-middle wpr-particle-no wpr-jarallax-no wpr-parallax-no wpr-sticky-section-no wpr-equal-height-no\" data-id=\"196bd08f\" data-element_type=\"section\" data-e-type=\"section\" data-settings=\"{&quot;background_background&quot;:&quot;classic&quot;}\">\n\t\t\t\t\t\t\t<div class=\"elementor-background-overlay\"><\/div>\n\t\t\t\t\t\t\t<div class=\"elementor-container elementor-column-gap-wider\">\n\t\t\t\t\t<div class=\"elementor-column elementor-col-100 elementor-top-column elementor-element elementor-element-15077fd3\" data-id=\"15077fd3\" data-element_type=\"column\" data-e-type=\"column\">\n\t\t\t<div class=\"elementor-widget-wrap elementor-element-populated\">\n\t\t\t\t\t\t<div class=\"elementor-element elementor-element-426013fe elementor-widget elementor-widget-heading\" data-id=\"426013fe\" data-element_type=\"widget\" data-e-type=\"widget\" data-widget_type=\"heading.default\">\n\t\t\t\t<div class=\"elementor-widget-container\">\n\t\t\t\t\t<h1 class=\"elementor-heading-title elementor-size-default\">Nosotros<\/h1>\t\t\t\t<\/div>\n\t\t\t\t<\/div>\n\t\t\t\t\t<\/div>\n\t\t<\/div>\n\t\t\t\t\t<\/div>\n\t\t<\/section>\n\t\t\t\t<section class=\"elementor-section elementor-top-section elementor-element elementor-element-12dd1aca elementor-section-boxed elementor-section-height-default elementor-section-height-default wpr-particle-no wpr-jarallax-no wpr-parallax-no wpr-sticky-section-no wpr-equal-height-no\" data-id=\"12dd1aca\" data-element_type=\"section\" data-e-type=\"section\" data-settings=\"{&quot;background_background&quot;:&quot;classic&quot;}\">\n\t\t\t\t\t\t<div class=\"elementor-container elementor-column-gap-no\">\n\t\t\t\t\t<div class=\"elementor-column elementor-col-100 elementor-top-column elementor-element elementor-element-6ff67f47\" data-id=\"6ff67f47\" data-element_type=\"column\" data-e-type=\"column\">\n\t\t\t<div class=\"elementor-widget-wrap elementor-element-populated\">\n\t\t\t\t\t\t<section class=\"elementor-section elementor-inner-section elementor-element elementor-element-e4cdb95 elementor-section-boxed elementor-section-height-default elementor-section-height-default wpr-particle-no wpr-jarallax-no wpr-parallax-no wpr-sticky-section-no wpr-equal-height-no\" data-id=\"e4cdb95\" data-element_type=\"section\" data-e-type=\"section\">\n\t\t\t\t\t\t<div class=\"elementor-container elementor-column-gap-default\">\n\t\t\t\t\t<div class=\"elementor-column elementor-col-50 elementor-inner-column elementor-element elementor-element-f321eb4\" data-id=\"f321eb4\" data-element_type=\"column\" data-e-type=\"column\">\n\t\t\t<div class=\"elementor-widget-wrap elementor-element-populated\">\n\t\t\t\t\t\t<div class=\"elementor-element elementor-element-bf09ccf elementor-widget elementor-widget-image\" data-id=\"bf09ccf\" data-element_type=\"widget\" data-e-type=\"widget\" data-widget_type=\"image.default\">\n\t\t\t\t<div class=\"elementor-widget-container\">\n\t\t\t\t\t\t\t\t\t\t\t\t\t\t\t<img fetchpriority=\"high\" decoding=\"async\" width=\"669\" height=\"1024\" src=\"https:\/\/www.morehappiness-inc.com\/wp-content\/uploads\/2022\/07\/girl-gd98ae4038_1920-669x1024.jpg\" class=\"attachment-large size-large wp-image-491\" alt=\"\" srcset=\"https:\/\/www.morehappiness-inc.com\/wp-content\/uploads\/2022\/07\/girl-gd98ae4038_1920-669x1024.jpg 669w, https:\/\/www.morehappiness-inc.com\/wp-content\/uploads\/2022\/07\/girl-gd98ae4038_1920-196x300.jpg 196w, https:\/\/www.morehappiness-inc.com\/wp-content\/uploads\/2022\/07\/girl-gd98ae4038_1920-8x12.jpg 8w, https:\/\/www.morehappiness-inc.com\/wp-content\/uploads\/2022\/07\/girl-gd98ae4038_1920.jpg 766w\" sizes=\"(max-width: 669px) 100vw, 669px\" \/>\t\t\t\t\t\t\t\t\t\t\t\t\t\t\t<\/div>\n\t\t\t\t<\/div>\n\t\t\t\t\t<\/div>\n\t\t<\/div>\n\t\t\t\t<div class=\"elementor-column elementor-col-50 elementor-inner-column elementor-element elementor-element-b82b01f\" data-id=\"b82b01f\" data-element_type=\"column\" data-e-type=\"column\">\n\t\t\t<div class=\"elementor-widget-wrap elementor-element-populated\">\n\t\t\t\t\t\t<div class=\"elementor-element elementor-element-3f8307d elementor-widget elementor-widget-text-editor\" data-id=\"3f8307d\" data-element_type=\"widget\" data-e-type=\"widget\" data-widget_type=\"text-editor.default\">\n\t\t\t\t<div class=\"elementor-widget-container\">\n\t\t\t\t\t\t\t\t\t<p class=\"elementor-heading-title elementor-size-default\" style=\"text-align: right;\"><b>More Happiness Inc. es una colaboraci\u00f3n de profesionales de la salud mental, las Ciencias de la Educaci\u00f3n y el Desarrollo Organizacional, que trabajan en conjunto para apoyar la salud, la felicidad y el bienestar de los individuos, parejas, familias y organizaciones desde una perspectiva compleja, en nuestra comunidad.\u00a0En More Happiness Inc. reconocemos que usted es el experto con respecto a su vida o en su organizaci\u00f3n, y que lo ayudaremos con los cambios que desee, para ello, nuestro personal est\u00e1 comprometido con la pr\u00e1ctica \u00e9tica en el ejercicio del trabajo terap\u00e9utico y organizacional, que incluye la supervisi\u00f3n constante que nos asegure mantener una buena reputaci\u00f3n con el Departamento de Salud en beneficio de nuestros pacientes y clientes.\u00a0<\/b><\/p>\t\t\t\t\t\t\t\t<\/div>\n\t\t\t\t<\/div>\n\t\t\t\t<div class=\"elementor-element elementor-element-15a4c58 elementor-widget elementor-widget-image\" data-id=\"15a4c58\" data-element_type=\"widget\" data-e-type=\"widget\" data-widget_type=\"image.default\">\n\t\t\t\t<div class=\"elementor-widget-container\">\n\t\t\t\t\t\t\t\t\t\t\t\t\t\t\t<img decoding=\"async\" width=\"600\" height=\"141\" src=\"https:\/\/www.morehappiness-inc.com\/wp-content\/uploads\/2022\/07\/MoreBHD-1.png\" class=\"attachment-large size-large wp-image-203\" alt=\"\" srcset=\"https:\/\/www.morehappiness-inc.com\/wp-content\/uploads\/2022\/07\/MoreBHD-1.png 600w, https:\/\/www.morehappiness-inc.com\/wp-content\/uploads\/2022\/07\/MoreBHD-1-300x71.png 300w\" sizes=\"(max-width: 600px) 100vw, 600px\" \/>\t\t\t\t\t\t\t\t\t\t\t\t\t\t\t<\/div>\n\t\t\t\t<\/div>\n\t\t\t\t\t<\/div>\n\t\t<\/div>\n\t\t\t\t\t<\/div>\n\t\t<\/section>\n\t\t\t\t\t<\/div>\n\t\t<\/div>\n\t\t\t\t\t<\/div>\n\t\t<\/section>\n\t\t\t\t<section class=\"elementor-section elementor-top-section elementor-element elementor-element-001263b elementor-section-boxed elementor-section-height-default elementor-section-height-default wpr-particle-no wpr-jarallax-no wpr-parallax-no wpr-sticky-section-no wpr-equal-height-no\" data-id=\"001263b\" data-element_type=\"section\" data-e-type=\"section\" data-settings=\"{&quot;background_background&quot;:&quot;classic&quot;}\">\n\t\t\t\t\t\t<div class=\"elementor-container elementor-column-gap-default\">\n\t\t\t\t\t<div class=\"elementor-column elementor-col-100 elementor-top-column elementor-element elementor-element-36ae4e0\" data-id=\"36ae4e0\" data-element_type=\"column\" data-e-type=\"column\">\n\t\t\t<div class=\"elementor-widget-wrap elementor-element-populated\">\n\t\t\t\t\t\t<div class=\"elementor-element elementor-element-f12bd80 elementor-widget elementor-widget-eael-fancy-text\" data-id=\"f12bd80\" data-element_type=\"widget\" data-e-type=\"widget\" data-widget_type=\"eael-fancy-text.default\">\n\t\t\t\t<div class=\"elementor-widget-container\">\n\t\t\t\t\t\n\t<div  class=\"eael-fancy-text-container style-1\" data-fancy-text-id=\"f12bd80\" data-fancy-text=\"|una peque\u00f1a charla puede cambiarlo todo\" data-fancy-text-transition-type=\"typing\" data-fancy-text-speed=\"50\" data-fancy-text-delay=\"2500\" data-fancy-text-cursor=\"yes\" data-fancy-text-loop=\"yes\" data-fancy-text-action=\"page_load\" >\n\t\t\t\t\t<span class=\"eael-fancy-text-prefix\">Hablemos,  <\/span>\n\t\t\n\t\t\n\t\t\t\t\t<span id=\"eael-fancy-text-f12bd80\" class=\"eael-fancy-text-strings solid-color\">\n\t\t\t\t<noscript>\n\t\t\t\t\tuna peque\u00f1a charla puede cambiarlo todo\t\t\t\t<\/noscript>\n\t\t\t<\/span>\n\t\t\n\t\t\t<\/div><!-- close .eael-fancy-text-container -->\n\n\t<div class=\"clearfix\"><\/div>\n\n\t\t\t\t\t<\/div>\n\t\t\t\t<\/div>\n\t\t\t\t\t<\/div>\n\t\t<\/div>\n\t\t\t\t\t<\/div>\n\t\t<\/section>\n\t\t\t\t<section class=\"elementor-section elementor-top-section elementor-element elementor-element-53906d2 elementor-section-boxed elementor-section-height-default elementor-section-height-default wpr-particle-no wpr-jarallax-no wpr-parallax-no wpr-sticky-section-no wpr-equal-height-no\" data-id=\"53906d2\" data-element_type=\"section\" data-e-type=\"section\">\n\t\t\t\t\t\t<div class=\"elementor-container elementor-column-gap-default\">\n\t\t\t\t\t<div class=\"elementor-column elementor-col-100 elementor-top-column elementor-element elementor-element-d77ab4a\" data-id=\"d77ab4a\" data-element_type=\"column\" data-e-type=\"column\">\n\t\t\t<div class=\"elementor-widget-wrap elementor-element-populated\">\n\t\t\t\t\t\t<section class=\"elementor-section elementor-inner-section elementor-element elementor-element-c304a66 elementor-section-boxed elementor-section-height-default elementor-section-height-default wpr-particle-no wpr-jarallax-no wpr-parallax-no wpr-sticky-section-no wpr-equal-height-no\" data-id=\"c304a66\" data-element_type=\"section\" data-e-type=\"section\">\n\t\t\t\t\t\t<div class=\"elementor-container elementor-column-gap-default\">\n\t\t\t\t\t<div class=\"elementor-column elementor-col-50 elementor-inner-column elementor-element elementor-element-1292f27\" data-id=\"1292f27\" data-element_type=\"column\" data-e-type=\"column\">\n\t\t\t<div class=\"elementor-widget-wrap elementor-element-populated\">\n\t\t\t\t\t\t<div class=\"elementor-element elementor-element-8e96b6c elementor-widget elementor-widget-text-editor\" data-id=\"8e96b6c\" data-element_type=\"widget\" data-e-type=\"widget\" data-widget_type=\"text-editor.default\">\n\t\t\t\t<div class=\"elementor-widget-container\">\n\t\t\t\t\t\t\t\t\t<h2>Misi\u00f3n<\/h2>\n<p>Nuestra prioridad es desarrollar en nuestros clientes, herramientas cognitivas, t\u00e9cnicas y emocionales para el logro de la felicidad y el cambio organizacional, estableciendo una relaci\u00f3n s\u00f3lida con nuestros clientes, basada en el respeto y confianza, siempre con una conciencia regida por la complejidad, la multiculturalidad, el reconocimiento de perspectiva de g\u00e9nero, raza, edad, orientaci\u00f3n sexual y la cultura que nos proporcionan explicaciones a situaciones \u00fanicas que no deben minimizarse.<\/p>\t\t\t\t\t\t\t\t<\/div>\n\t\t\t\t<\/div>\n\t\t\t\t\t<\/div>\n\t\t<\/div>\n\t\t\t\t<div class=\"elementor-column elementor-col-50 elementor-inner-column elementor-element elementor-element-a9a17b4\" data-id=\"a9a17b4\" data-element_type=\"column\" data-e-type=\"column\">\n\t\t\t<div class=\"elementor-widget-wrap elementor-element-populated\">\n\t\t\t\t\t\t<div class=\"elementor-element elementor-element-057e2f8 elementor-widget elementor-widget-text-editor\" data-id=\"057e2f8\" data-element_type=\"widget\" data-e-type=\"widget\" data-widget_type=\"text-editor.default\">\n\t\t\t\t<div class=\"elementor-widget-container\">\n\t\t\t\t\t\t\t\t\t<h2>Visi\u00f3n<\/h2><p>Somos un agente transformador de nuevas formas de leer y actuar en la realidad desde una perspectiva compleja que permite a los sujetos y a las organizaciones, contribuir a la construcci\u00f3n de la ciudadan\u00eda democr\u00e1tica y justa.<\/p>\t\t\t\t\t\t\t\t<\/div>\n\t\t\t\t<\/div>\n\t\t\t\t\t<\/div>\n\t\t<\/div>\n\t\t\t\t\t<\/div>\n\t\t<\/section>\n\t\t\t\t\t<\/div>\n\t\t<\/div>\n\t\t\t\t\t<\/div>\n\t\t<\/section>\n\t\t\t\t<section class=\"elementor-section elementor-top-section elementor-element elementor-element-1556d68 elementor-section-boxed elementor-section-height-default elementor-section-height-default wpr-particle-no wpr-jarallax-no wpr-parallax-no wpr-sticky-section-no wpr-equal-height-no\" data-id=\"1556d68\" data-element_type=\"section\" data-e-type=\"section\" data-settings=\"{&quot;background_background&quot;:&quot;classic&quot;}\">\n\t\t\t\t\t\t<div class=\"elementor-container elementor-column-gap-default\">\n\t\t\t\t\t<div class=\"elementor-column elementor-col-100 elementor-top-column elementor-element elementor-element-991198c\" data-id=\"991198c\" data-element_type=\"column\" data-e-type=\"column\" data-settings=\"{&quot;background_background&quot;:&quot;classic&quot;}\">\n\t\t\t<div class=\"elementor-widget-wrap elementor-element-populated\">\n\t\t\t\t\t\t<div class=\"elementor-element elementor-element-2dbafc2 elementor-widget elementor-widget-text-editor\" data-id=\"2dbafc2\" data-element_type=\"widget\" data-e-type=\"widget\" data-widget_type=\"text-editor.default\">\n\t\t\t\t<div class=\"elementor-widget-container\">\n\t\t\t\t\t\t\t\t\t<h2 class=\"u-align-left u-custom-font u-font-montserrat u-text u-text-body-alt-color u-text-default u-text-1\"><span style=\"color: #ffffff;\">Valores<\/span><\/h2><p><span style=\"color: #ffffff;\">Nuestros valores nos llevan a la acci\u00f3n, representan nuestros objetivos y la aspiraci\u00f3n por cumplir con la visi\u00f3n y misi\u00f3n de este corporativo, por lo que destacamos:<\/span><\/p><p><span style=\"color: #ffffff;\">\u00a0La<span class=\"u-text-palette-3-base\">\u00a0<span style=\"color: #ffdd00;\">responsabilidad<\/span><\/span>\u00a0que significa cumplir con nuestros compromisos y obligaciones ante nuestros clientes, no solo en nuestras tareas profesionales sino tambi\u00e9n como una entidad que lleva en su misi\u00f3n la\u00a0<span class=\"u-text-palette-3-base\" style=\"color: #ffdd00;\">responsabilidad social y ambiental<\/span>\u00a0de mejorar las condiciones de vida en nuestro contexto m\u00e1s pr\u00f3ximo, impulsando a los sujetos y organizaciones a implementar estrategias e iniciativas que contribuyan a la\u00a0<span class=\"u-text-palette-3-base\" style=\"color: #ffdd00;\">ciudadan\u00eda democr\u00e1tica<\/span>,\u00a0todo ello en un marco de<span style=\"color: #ffdd00;\">\u00a0<span class=\"u-text-palette-3-base\">respeto y tolerancia<\/span><\/span>, pues estos son valores que nos conceden\u00a0<span class=\"u-text-palette-3-base\" style=\"color: #ffdd00;\">la dignidad, libertad y diversidad<\/span>\u00a0en una sociedad, asumiendo que todos somos diferentes por lo que, abrazamos opiniones, estilos de vida y creencias distintas a las nuestras, premiando la<span class=\"u-text-palette-3-base\">\u00a0<span style=\"color: #ffdd00;\">comunicaci\u00f3n\u00a0, empat\u00eda y solidaridad<\/span><\/span>\u00a0que nos permite colocarnos en la situaci\u00f3n de nuestros semejantes, entenderlos, apoyarlos y ayudar a cualquier ser humano en cualquier momento, en especial, en situaciones de desamparo, siempre en\u00a0<span class=\"u-text-palette-3-base\" style=\"color: #ffdd00;\">equidad<\/span>, valor fundamental pues no existe clase social, raza, sexo o religi\u00f3n que nos impi<span style=\"color: #ffdd00;\"><span style=\"color: #ffffff;\">da<\/span> <span style=\"color: #ffffff;\">reforzar el<\/span> respeto <span style=\"color: #ffffff;\">a las caracter\u00edsticas<\/span><\/span> particulares de cada individuo y dar un sentido m\u00e1s profundo a la<span style=\"color: #ffcc00;\">\u00a0justicia<\/span>\u00a0como derecho b\u00e1sico del ser humano.\u00a0<\/span><\/p><p><span style=\"color: #ffffff;\">Como una organizaci\u00f3n preocupada por la\u00a0<span class=\"u-text-palette-3-base\" style=\"color: #ffdd00;\">calidad<\/span>\u00a0en nuestros servicios, estamos siempre en un ejercicio de\u00a0<span class=\"u-text-palette-3-base\" style=\"color: #ffdd00;\">autocr\u00edtica<\/span>\u00a0\u00a0y una\u00a0<span class=\"u-text-palette-3-light-1\" style=\"color: #ffdd00;\">disponibilidad al cambio<\/span>, lo que nos permite tener <span style=\"color: #ffcc00;\">flexibilidad<\/span> y visi\u00f3n ante una sociedad cambiante y lograr el\u00a0<span class=\"u-text-palette-3-light-1\" style=\"color: #ffdd00;\">aprendizaje constante<\/span>, clave principal para cualquier persona u organizaci\u00f3n para evolucionar hacia mejores condiciones de vida.<\/span><\/p>\t\t\t\t\t\t\t\t<\/div>\n\t\t\t\t<\/div>\n\t\t\t\t\t<\/div>\n\t\t<\/div>\n\t\t\t\t\t<\/div>\n\t\t<\/section>\n\t\t\t\t<\/div>\n\t\t","protected":false},"excerpt":{"rendered":"<p>Nosotros More Happiness Inc. es una colaboraci\u00f3n de profesionales de la salud mental, las Ciencias de la Educaci\u00f3n y el Desarrollo Organizacional, que trabajan en conjunto para apoyar la salud, la felicidad y el bienestar de los individuos, parejas, familias y organizaciones desde una perspectiva compleja, en nuestra comunidad.\u00a0En More Happiness Inc. reconocemos que usted es el experto con respecto a su vida o en su organizaci\u00f3n, y que lo ayudaremos con los cambios que desee, para ello, nuestro personal est\u00e1 comprometido con la pr\u00e1ctica \u00e9tica en el ejercicio del trabajo terap\u00e9utico y organizacional, que incluye la supervisi\u00f3n constante que nos asegure mantener una buena reputaci\u00f3n con el Departamento de Salud en beneficio de nuestros pacientes y clientes.\u00a0 Hablemos, una peque\u00f1a charla puede cambiarlo todo Misi\u00f3n Nuestra prioridad es desarrollar en nuestros clientes, herramientas cognitivas, t\u00e9cnicas y emocionales para el logro de la felicidad y el cambio organizacional, estableciendo una relaci\u00f3n s\u00f3lida con nuestros clientes, basada en el respeto y confianza, siempre con una conciencia regida por la complejidad, la multiculturalidad, el reconocimiento de perspectiva de g\u00e9nero, raza, edad, orientaci\u00f3n sexual y la cultura que nos proporcionan explicaciones a situaciones \u00fanicas que no deben minimizarse. Visi\u00f3n Somos un agente transformador de nuevas formas de leer y actuar en la realidad desde una perspectiva compleja que permite a los sujetos y a las organizaciones, contribuir a la construcci\u00f3n de la ciudadan\u00eda democr\u00e1tica y justa. Valores Nuestros valores nos llevan a la acci\u00f3n, representan nuestros objetivos y la aspiraci\u00f3n por cumplir con la visi\u00f3n y misi\u00f3n de este corporativo, por lo que destacamos: \u00a0La\u00a0responsabilidad\u00a0que significa cumplir con nuestros compromisos y obligaciones ante nuestros clientes, no solo en nuestras tareas profesionales sino tambi\u00e9n como una entidad que lleva en su misi\u00f3n la\u00a0responsabilidad social y ambiental\u00a0de mejorar las condiciones de vida en nuestro contexto m\u00e1s pr\u00f3ximo, impulsando a los sujetos y organizaciones a implementar estrategias e iniciativas que contribuyan a la\u00a0ciudadan\u00eda democr\u00e1tica,\u00a0todo ello en un marco de\u00a0respeto y tolerancia, pues estos son valores que nos conceden\u00a0la dignidad, libertad y diversidad\u00a0en una sociedad, asumiendo que todos somos diferentes por lo que, abrazamos opiniones, estilos de vida y creencias distintas a las nuestras, premiando la\u00a0comunicaci\u00f3n\u00a0, empat\u00eda y solidaridad\u00a0que nos permite colocarnos en la situaci\u00f3n de nuestros semejantes, entenderlos, apoyarlos y ayudar a cualquier ser humano en cualquier momento, en especial, en situaciones de desamparo, siempre en\u00a0equidad, valor fundamental pues no existe clase social, raza, sexo o religi\u00f3n que nos impida reforzar el respeto a las caracter\u00edsticas particulares de cada individuo y dar un sentido m\u00e1s profundo a la\u00a0justicia\u00a0como derecho b\u00e1sico del ser humano.\u00a0 Como una organizaci\u00f3n preocupada por la\u00a0calidad\u00a0en nuestros servicios, estamos siempre en un ejercicio de\u00a0autocr\u00edtica\u00a0\u00a0y una\u00a0disponibilidad al cambio, lo que nos permite tener flexibilidad y visi\u00f3n ante una sociedad cambiante y lograr el\u00a0aprendizaje constante, clave principal para cualquier persona u organizaci\u00f3n para evolucionar hacia mejores condiciones de vida.<\/p>\n","protected":false},"author":1,"featured_media":0,"parent":0,"menu_order":0,"comment_status":"closed","ping_status":"closed","template":"","meta":{"om_disable_all_campaigns":false,"_monsterinsights_skip_tracking":false,"_monsterinsights_sitenote_active":false,"_monsterinsights_sitenote_note":"","_monsterinsights_sitenote_category":0,"footnotes":""},"class_list":["post-586","page","type-page","status-publish","hentry"],"aioseo_notices":[],"_links":{"self":[{"href":"https:\/\/www.morehappiness-inc.com\/index.php\/wp-json\/wp\/v2\/pages\/586","targetHints":{"allow":["GET"]}}],"collection":[{"href":"https:\/\/www.morehappiness-inc.com\/index.php\/wp-json\/wp\/v2\/pages"}],"about":[{"href":"https:\/\/www.morehappiness-inc.com\/index.php\/wp-json\/wp\/v2\/types\/page"}],"author":[{"embeddable":true,"href":"https:\/\/www.morehappiness-inc.com\/index.php\/wp-json\/wp\/v2\/users\/1"}],"replies":[{"embeddable":true,"href":"https:\/\/www.morehappiness-inc.com\/index.php\/wp-json\/wp\/v2\/comments?post=586"}],"version-history":[{"count":42,"href":"https:\/\/www.morehappiness-inc.com\/index.php\/wp-json\/wp\/v2\/pages\/586\/revisions"}],"predecessor-version":[{"id":899,"href":"https:\/\/www.morehappiness-inc.com\/index.php\/wp-json\/wp\/v2\/pages\/586\/revisions\/899"}],"wp:attachment":[{"href":"https:\/\/www.morehappiness-inc.com\/index.php\/wp-json\/wp\/v2\/media?parent=586"}],"curies":[{"name":"wp","href":"https:\/\/api.w.org\/{rel}","templated":true}]}}