{"id":570,"date":"2022-07-18T15:08:25","date_gmt":"2022-07-18T22:08:25","guid":{"rendered":"https:\/\/www.morehappiness-inc.com\/?page_id=570"},"modified":"2022-07-18T15:14:37","modified_gmt":"2022-07-18T22:14:37","slug":"elementor-570","status":"publish","type":"page","link":"https:\/\/www.morehappiness-inc.com\/index.php\/es\/elementor-570\/","title":{"rendered":"Terapeuta"},"content":{"rendered":"\t\t<div data-elementor-type=\"wp-page\" data-elementor-id=\"570\" class=\"elementor elementor-570\" data-elementor-post-type=\"page\">\n\t\t\t\t\t\t<section class=\"elementor-section elementor-top-section elementor-element elementor-element-4a79195b elementor-section-height-min-height elementor-section-boxed elementor-section-height-default elementor-section-items-middle wpr-particle-no wpr-jarallax-no wpr-parallax-no wpr-sticky-section-no wpr-equal-height-no\" data-id=\"4a79195b\" data-element_type=\"section\" data-e-type=\"section\" data-settings=\"{&quot;background_background&quot;:&quot;classic&quot;}\">\n\t\t\t\t\t\t\t<div class=\"elementor-background-overlay\"><\/div>\n\t\t\t\t\t\t\t<div class=\"elementor-container elementor-column-gap-wider\">\n\t\t\t\t\t<div class=\"elementor-column elementor-col-100 elementor-top-column elementor-element elementor-element-744d54c5\" data-id=\"744d54c5\" data-element_type=\"column\" data-e-type=\"column\">\n\t\t\t<div class=\"elementor-widget-wrap elementor-element-populated\">\n\t\t\t\t\t\t<div class=\"elementor-element elementor-element-422c23a7 elementor-widget elementor-widget-heading\" data-id=\"422c23a7\" data-element_type=\"widget\" data-e-type=\"widget\" data-widget_type=\"heading.default\">\n\t\t\t\t<div class=\"elementor-widget-container\">\n\t\t\t\t\t<h1 class=\"elementor-heading-title elementor-size-default\">Terapeuta<\/h1>\t\t\t\t<\/div>\n\t\t\t\t<\/div>\n\t\t\t\t\t<\/div>\n\t\t<\/div>\n\t\t\t\t\t<\/div>\n\t\t<\/section>\n\t\t\t\t<section class=\"elementor-section elementor-top-section elementor-element elementor-element-30a5eab1 elementor-reverse-mobile elementor-section-boxed elementor-section-height-default elementor-section-height-default wpr-particle-no wpr-jarallax-no wpr-parallax-no wpr-sticky-section-no wpr-equal-height-no\" data-id=\"30a5eab1\" data-element_type=\"section\" data-e-type=\"section\" data-settings=\"{&quot;background_background&quot;:&quot;classic&quot;}\">\n\t\t\t\t\t\t<div class=\"elementor-container elementor-column-gap-wider\">\n\t\t\t\t\t<div class=\"elementor-column elementor-col-33 elementor-top-column elementor-element elementor-element-4936bb7f\" data-id=\"4936bb7f\" data-element_type=\"column\" data-e-type=\"column\">\n\t\t\t<div class=\"elementor-widget-wrap elementor-element-populated\">\n\t\t\t\t\t\t<div class=\"elementor-element elementor-element-13fe65a7 elementor-widget elementor-widget-image\" data-id=\"13fe65a7\" data-element_type=\"widget\" data-e-type=\"widget\" data-widget_type=\"image.default\">\n\t\t\t\t<div class=\"elementor-widget-container\">\n\t\t\t\t\t\t\t\t\t\t\t\t\t\t\t<img fetchpriority=\"high\" decoding=\"async\" width=\"562\" height=\"1000\" src=\"https:\/\/www.morehappiness-inc.com\/wp-content\/uploads\/2022\/07\/Gustavo2-1.jpeg\" class=\"attachment-large size-large wp-image-220\" alt=\"\" srcset=\"https:\/\/www.morehappiness-inc.com\/wp-content\/uploads\/2022\/07\/Gustavo2-1.jpeg 562w, https:\/\/www.morehappiness-inc.com\/wp-content\/uploads\/2022\/07\/Gustavo2-1-169x300.jpeg 169w\" sizes=\"(max-width: 562px) 100vw, 562px\" \/>\t\t\t\t\t\t\t\t\t\t\t\t\t\t\t<\/div>\n\t\t\t\t<\/div>\n\t\t\t\t\t<\/div>\n\t\t<\/div>\n\t\t\t\t<div class=\"elementor-column elementor-col-33 elementor-top-column elementor-element elementor-element-2069a391\" data-id=\"2069a391\" data-element_type=\"column\" data-e-type=\"column\">\n\t\t\t<div class=\"elementor-widget-wrap\">\n\t\t\t\t\t\t\t<\/div>\n\t\t<\/div>\n\t\t\t\t<div class=\"elementor-column elementor-col-33 elementor-top-column elementor-element elementor-element-296bff78\" data-id=\"296bff78\" data-element_type=\"column\" data-e-type=\"column\">\n\t\t\t<div class=\"elementor-widget-wrap elementor-element-populated\">\n\t\t\t\t\t\t<div class=\"elementor-element elementor-element-42d1c63f elementor-widget elementor-widget-heading\" data-id=\"42d1c63f\" data-element_type=\"widget\" data-e-type=\"widget\" data-widget_type=\"heading.default\">\n\t\t\t\t<div class=\"elementor-widget-container\">\n\t\t\t\t\t<h2 class=\"elementor-heading-title elementor-size-default\">Gustavo Parra, MS, LMFT.<\/h2>\t\t\t\t<\/div>\n\t\t\t\t<\/div>\n\t\t\t\t<div class=\"elementor-element elementor-element-7b390b2b elementor-widget elementor-widget-text-editor\" data-id=\"7b390b2b\" data-element_type=\"widget\" data-e-type=\"widget\" data-widget_type=\"text-editor.default\">\n\t\t\t\t<div class=\"elementor-widget-container\">\n\t\t\t\t\t\t\t\t\t<p>Soy un profesional de salud mental, compasivo, culturalmente sensible y orientado a la soluci\u00f3n de conflictos emocionales y de interrelaci\u00f3n humana. Me dedico a brindar atenci\u00f3n excepcional y ejecutar planes de tratamiento personalizados y efectivos para individuos, parejas, organizaciones y familias.\u00a0<br \/><br \/>Tengo la capacidad y experiencia para gestionar y trabajar con diferentes tipos de personalidades y situaciones estresantes con el fin de resolver problemas y cumplir objetivos de manera proactiva, siempre enfocado en el cliente con quien he de construir la confianza tan necesaria para una relaci\u00f3n s\u00f3lida \u00a0 entre ambas partes (cliente\/terapeuta).\u00a0<br \/><br \/>Me comprometo a ayudarte a transformar tu vida. Juntos afrontamos los desaf\u00edos y haremos nuestro mejor esfuerzo para superarlos. Te ayudare a entender tu situaci\u00f3n emocional y descubrir nuevas opciones para tu vida, a trav\u00e9s de la apertura de nuevas posibilidades.\u00a0Aunque dedicado a ayudar a los clientes con todo tipo de retos, tengo un inter\u00e9s especializado en el trabajo con individuos, parejas y familias que se encuentran paralizados con trauma, transiciones de la vida y las dificultades de adaptaci\u00f3n a cambios culturales debido a reubicaciones.<\/p>\t\t\t\t\t\t\t\t<\/div>\n\t\t\t\t<\/div>\n\t\t\t\t<div class=\"elementor-element elementor-element-427b02cd elementor-widget elementor-widget-heading\" data-id=\"427b02cd\" data-element_type=\"widget\" data-e-type=\"widget\" data-widget_type=\"heading.default\">\n\t\t\t\t<div class=\"elementor-widget-container\">\n\t\t\t\t\t<span class=\"elementor-heading-title elementor-size-default\">Gustavo Parra<\/span>\t\t\t\t<\/div>\n\t\t\t\t<\/div>\n\t\t\t\t\t<\/div>\n\t\t<\/div>\n\t\t\t\t\t<\/div>\n\t\t<\/section>\n\t\t\t\t<\/div>\n\t\t","protected":false},"excerpt":{"rendered":"<p>Terapeuta Gustavo Parra, MS, LMFT. Soy un profesional de salud mental, compasivo, culturalmente sensible y orientado a la soluci\u00f3n de conflictos emocionales y de interrelaci\u00f3n humana. Me dedico a brindar atenci\u00f3n excepcional y ejecutar planes de tratamiento personalizados y efectivos para individuos, parejas, organizaciones y familias.&nbsp; Tengo la capacidad y experiencia para gestionar y trabajar con diferentes tipos de personalidades y situaciones estresantes con el fin de resolver problemas y cumplir objetivos de manera proactiva, siempre enfocado en el cliente con quien he de construir la confianza tan necesaria para una relaci\u00f3n s\u00f3lida &nbsp; entre ambas partes (cliente\/terapeuta).&nbsp; Me comprometo a ayudarte a transformar tu vida. Juntos afrontamos los desaf\u00edos y haremos nuestro mejor esfuerzo para superarlos. Te ayudare a entender tu situaci\u00f3n emocional y descubrir nuevas opciones para tu vida, a trav\u00e9s de la apertura de nuevas posibilidades.&nbsp;Aunque dedicado a ayudar a los clientes con todo tipo de retos, tengo un inter\u00e9s especializado en el trabajo con individuos, parejas y familias que se encuentran paralizados con trauma, transiciones de la vida y las dificultades de adaptaci\u00f3n a cambios culturales debido a reubicaciones. Gustavo Parra<\/p>\n","protected":false},"author":1,"featured_media":0,"parent":0,"menu_order":0,"comment_status":"closed","ping_status":"closed","template":"","meta":{"om_disable_all_campaigns":false,"_monsterinsights_skip_tracking":false,"_monsterinsights_sitenote_active":false,"_monsterinsights_sitenote_note":"","_monsterinsights_sitenote_category":0,"footnotes":""},"class_list":["post-570","page","type-page","status-publish","hentry"],"aioseo_notices":[],"_links":{"self":[{"href":"https:\/\/www.morehappiness-inc.com\/index.php\/wp-json\/wp\/v2\/pages\/570","targetHints":{"allow":["GET"]}}],"collection":[{"href":"https:\/\/www.morehappiness-inc.com\/index.php\/wp-json\/wp\/v2\/pages"}],"about":[{"href":"https:\/\/www.morehappiness-inc.com\/index.php\/wp-json\/wp\/v2\/types\/page"}],"author":[{"embeddable":true,"href":"https:\/\/www.morehappiness-inc.com\/index.php\/wp-json\/wp\/v2\/users\/1"}],"replies":[{"embeddable":true,"href":"https:\/\/www.morehappiness-inc.com\/index.php\/wp-json\/wp\/v2\/comments?post=570"}],"version-history":[{"count":8,"href":"https:\/\/www.morehappiness-inc.com\/index.php\/wp-json\/wp\/v2\/pages\/570\/revisions"}],"predecessor-version":[{"id":585,"href":"https:\/\/www.morehappiness-inc.com\/index.php\/wp-json\/wp\/v2\/pages\/570\/revisions\/585"}],"wp:attachment":[{"href":"https:\/\/www.morehappiness-inc.com\/index.php\/wp-json\/wp\/v2\/media?parent=570"}],"curies":[{"name":"wp","href":"https:\/\/api.w.org\/{rel}","templated":true}]}}